{"id":2964,"date":"2019-09-07T23:26:15","date_gmt":"2019-09-07T21:26:15","guid":{"rendered":"https:\/\/www.oros.si\/?page_id=2964"},"modified":"2025-11-11T17:55:22","modified_gmt":"2025-11-11T16:55:22","slug":"qualitat","status":"publish","type":"page","link":"https:\/\/www.oros.si\/de\/qualitat\/","title":{"rendered":"Qualit\u00e4t"},"content":{"rendered":"<p>[vc_row full_width=&#8220;stretch_row&#8220; css=&#8220;.vc_custom_1567674773816{margin-bottom: 0px !important;padding-top: 50px !important;padding-bottom: 60px !important;background-color: #ffffff !important;}&#8220;][vc_column width=&#8220;1\/2&#8243; css=&#8220;.vc_custom_1567658021686{padding-top: 7px !important;}&#8220;][vc_column_text css=&#8220;.vc_custom_1567891711784{padding-top: 35px !important;}&#8220;]Unsere Aufgabe ist die st\u00e4ndige Zufriedenstellung der K\u00e4ufer unserer Leistungen und Produkte. Durch das erworbene Zertifikat verpflichten wir uns zur st\u00e4ndigen und systematischen Verbesserung unseres F\u00fchrungssystems.<\/p>\n<p>Das ist ein guter Ausgangspunkt f\u00fcr die Gew\u00e4hrleistung von st\u00e4ndigem Fortschritt, was sich in guten Gesch\u00e4ftsergebnissen und den Chancen zur Erreichung von Wettbewerbsvorteilen auf dem immer anspruchsvolleren Weltmarkt niederschl\u00e4gt.[\/vc_column_text][\/vc_column][vc_column width=&#8220;1\/2&#8243;][vc_custom_heading text=&#8220;Wir sind fokussiert auf die Produktqualit\u00e4t unseres Produktionsprogramms.&#8220; font_container=&#8220;tag:p|font_size:44px|text_align:left|color:%23333333|line_height:54px&#8220; google_fonts=&#8220;font_family:Montserrat%3Aregular%2C700|font_style:700%20bold%20regular%3A700%3Anormal&#8220; css=&#8220;.vc_custom_1567891650944{padding-right: 15px !important;padding-left: 15px !important;}&#8220;][\/vc_column][\/vc_row][vc_row css=&#8220;.vc_custom_1567675012192{margin-bottom: 0px !important;padding-top: 40px !important;}&#8220;][vc_column][vc_row_inner][vc_column_inner]<div class=\"title-subtile-holder  animateIn text_left title_subtitle_style_v2 subtitle_right\" data-animate=\"no_animation\"><h1 style=\"\" class=\"section-title dark_title\">ZERTIFIKATE<\/h1><div style=\"\" class=\"section-subtitle dark_subtitle\">UNSERE QUALIT\u00c4T<\/div><\/div>[\/vc_column_inner][\/vc_row_inner][\/vc_column][\/vc_row][vc_row css=&#8220;.vc_custom_1567675198387{margin-bottom: 0px !important;}&#8220;][vc_column width=&#8220;1\/2&#8243;][vc_row_inner][vc_column_inner width=&#8220;1\/2&#8243;][vc_column_text]Der Erwerb des Zertifikats ISO 9001 ist der Beweis f\u00fcr unsere Ausrichtung auf Qualit\u00e4t und der Ma\u00dfstab des eigenen Erfolgs. Dies best\u00e4tigen uns auch regelm\u00e4\u00dfig unsere Kunden, die sich immer wieder mit neuen und noch anspruchsvolleren Auftr\u00e4gen an uns wenden.[\/vc_column_text][\/vc_column_inner][vc_column_inner width=&#8220;1\/2&#8243;][vc_single_image image=&#8220;3411&#8243; img_size=&#8220;full&#8220; onclick=&#8220;custom_link&#8220; img_link_target=&#8220;_blank&#8220; link=&#8220;https:\/\/www.oros.si\/wp-content\/uploads\/2025\/06\/oro-s-9001-certificate-bureau-veritas-2025-en.pdf&#8220;][\/vc_column_inner][\/vc_row_inner][\/vc_column][vc_column width=&#8220;1\/2&#8243; offset=&#8220;vc_hidden-lg vc_hidden-md vc_hidden-sm vc_hidden-xs&#8220;][vc_row_inner][vc_column_inner width=&#8220;1\/2&#8243;][vc_column_text]Wir behalten auch regelm\u00e4\u00dfig die Gesch\u00e4ftsqualit\u00e4t bei. Mit dem Platinum Excellence Zertifikat wird best\u00e4tigt, dass wir in die richtige Richtung arbeiten.[\/vc_column_text][\/vc_column_inner][vc_column_inner width=&#8220;1\/2&#8243;][\/vc_column_inner][\/vc_row_inner][\/vc_column][\/vc_row]<\/p>\n","protected":false},"excerpt":{"rendered":"<p>[vc_row full_width=&#8220;stretch_row&#8220; css=&#8220;.vc_custom_1567674773816{margin-bottom: 0px !important;padding-top: 50px !important;padding-bottom: 60px !important;background-color: #ffffff !important;}&#8220;][vc_column width=&#8220;1\/2&#8243; css=&#8220;.vc_custom_1567658021686{padding-top: 7px !important;}&#8220;][vc_column_text css=&#8220;.vc_custom_1567891711784{padding-top: 35px !important;}&#8220;]Unsere Aufgabe ist die st\u00e4ndige Zufriedenstellung der K\u00e4ufer unserer Leistungen und Produkte. Durch das erworbene Zertifikat verpflichten wir uns zur st\u00e4ndigen und systematischen Verbesserung unseres F\u00fchrungssystems. Das ist ein guter Ausgangspunkt f\u00fcr die Gew\u00e4hrleistung von st\u00e4ndigem Fortschritt, was [&hellip;]<\/p>\n","protected":false},"author":1,"featured_media":0,"parent":0,"menu_order":0,"comment_status":"closed","ping_status":"closed","template":"","meta":{"footnotes":""},"yoast_head":"<!-- This site is optimized with the Yoast SEO plugin v23.4 - https:\/\/yoast.com\/wordpress\/plugins\/seo\/ -->\n<title>Qualit\u00e4t - ORO S<\/title>\n<meta name=\"robots\" content=\"index, follow, max-snippet:-1, max-image-preview:large, max-video-preview:-1\" \/>\n<link rel=\"canonical\" href=\"https:\/\/www.oros.si\/de\/qualitat\/\" \/>\n<meta property=\"og:locale\" content=\"de_DE\" \/>\n<meta property=\"og:type\" content=\"article\" \/>\n<meta property=\"og:title\" content=\"Qualit\u00e4t - ORO S\" \/>\n<meta property=\"og:description\" content=\"[vc_row full_width=&#8220;stretch_row&#8220; css=&#8220;.vc_custom_1567674773816{margin-bottom: 0px !important;padding-top: 50px !important;padding-bottom: 60px !important;background-color: #ffffff !important;}&#8220;][vc_column width=&#8220;1\/2&#8243; css=&#8220;.vc_custom_1567658021686{padding-top: 7px !important;}&#8220;][vc_column_text css=&#8220;.vc_custom_1567891711784{padding-top: 35px !important;}&#8220;]Unsere Aufgabe ist die st\u00e4ndige Zufriedenstellung der K\u00e4ufer unserer Leistungen und Produkte. Durch das erworbene Zertifikat verpflichten wir uns zur st\u00e4ndigen und systematischen Verbesserung unseres F\u00fchrungssystems. Das ist ein guter Ausgangspunkt f\u00fcr die Gew\u00e4hrleistung von st\u00e4ndigem Fortschritt, was [&hellip;]\" \/>\n<meta property=\"og:url\" content=\"https:\/\/www.oros.si\/de\/qualitat\/\" \/>\n<meta property=\"og:site_name\" content=\"ORO S\" \/>\n<meta property=\"article:modified_time\" content=\"2025-11-11T16:55:22+00:00\" \/>\n<meta name=\"twitter:card\" content=\"summary_large_image\" \/>\n<meta name=\"twitter:label1\" content=\"Gesch\u00e4tzte Lesezeit\" \/>\n\t<meta name=\"twitter:data1\" content=\"1\u00a0Minute\" \/>\n<script type=\"application\/ld+json\" class=\"yoast-schema-graph\">{\"@context\":\"https:\/\/schema.org\",\"@graph\":[{\"@type\":\"WebPage\",\"@id\":\"https:\/\/www.oros.si\/de\/qualitat\/\",\"url\":\"https:\/\/www.oros.si\/de\/qualitat\/\",\"name\":\"Qualit\u00e4t - ORO S\",\"isPartOf\":{\"@id\":\"https:\/\/www.oros.si\/#website\"},\"datePublished\":\"2019-09-07T21:26:15+00:00\",\"dateModified\":\"2025-11-11T16:55:22+00:00\",\"breadcrumb\":{\"@id\":\"https:\/\/www.oros.si\/de\/qualitat\/#breadcrumb\"},\"inLanguage\":\"de\",\"potentialAction\":[{\"@type\":\"ReadAction\",\"target\":[\"https:\/\/www.oros.si\/de\/qualitat\/\"]}]},{\"@type\":\"BreadcrumbList\",\"@id\":\"https:\/\/www.oros.si\/de\/qualitat\/#breadcrumb\",\"itemListElement\":[{\"@type\":\"ListItem\",\"position\":1,\"name\":\"Home\",\"item\":\"https:\/\/www.oros.si\/de\/\"},{\"@type\":\"ListItem\",\"position\":2,\"name\":\"Qualit\u00e4t\"}]},{\"@type\":\"WebSite\",\"@id\":\"https:\/\/www.oros.si\/#website\",\"url\":\"https:\/\/www.oros.si\/\",\"name\":\"ORO S\",\"description\":\"\",\"potentialAction\":[{\"@type\":\"SearchAction\",\"target\":{\"@type\":\"EntryPoint\",\"urlTemplate\":\"https:\/\/www.oros.si\/?s={search_term_string}\"},\"query-input\":{\"@type\":\"PropertyValueSpecification\",\"valueRequired\":true,\"valueName\":\"search_term_string\"}}],\"inLanguage\":\"de\"}]}<\/script>\n<!-- \/ Yoast SEO plugin. -->","yoast_head_json":{"title":"Qualit\u00e4t - ORO S","robots":{"index":"index","follow":"follow","max-snippet":"max-snippet:-1","max-image-preview":"max-image-preview:large","max-video-preview":"max-video-preview:-1"},"canonical":"https:\/\/www.oros.si\/de\/qualitat\/","og_locale":"de_DE","og_type":"article","og_title":"Qualit\u00e4t - ORO S","og_description":"[vc_row full_width=&#8220;stretch_row&#8220; css=&#8220;.vc_custom_1567674773816{margin-bottom: 0px !important;padding-top: 50px !important;padding-bottom: 60px !important;background-color: #ffffff !important;}&#8220;][vc_column width=&#8220;1\/2&#8243; css=&#8220;.vc_custom_1567658021686{padding-top: 7px !important;}&#8220;][vc_column_text css=&#8220;.vc_custom_1567891711784{padding-top: 35px !important;}&#8220;]Unsere Aufgabe ist die st\u00e4ndige Zufriedenstellung der K\u00e4ufer unserer Leistungen und Produkte. Durch das erworbene Zertifikat verpflichten wir uns zur st\u00e4ndigen und systematischen Verbesserung unseres F\u00fchrungssystems. Das ist ein guter Ausgangspunkt f\u00fcr die Gew\u00e4hrleistung von st\u00e4ndigem Fortschritt, was [&hellip;]","og_url":"https:\/\/www.oros.si\/de\/qualitat\/","og_site_name":"ORO S","article_modified_time":"2025-11-11T16:55:22+00:00","twitter_card":"summary_large_image","twitter_misc":{"Gesch\u00e4tzte Lesezeit":"1\u00a0Minute"},"schema":{"@context":"https:\/\/schema.org","@graph":[{"@type":"WebPage","@id":"https:\/\/www.oros.si\/de\/qualitat\/","url":"https:\/\/www.oros.si\/de\/qualitat\/","name":"Qualit\u00e4t - ORO S","isPartOf":{"@id":"https:\/\/www.oros.si\/#website"},"datePublished":"2019-09-07T21:26:15+00:00","dateModified":"2025-11-11T16:55:22+00:00","breadcrumb":{"@id":"https:\/\/www.oros.si\/de\/qualitat\/#breadcrumb"},"inLanguage":"de","potentialAction":[{"@type":"ReadAction","target":["https:\/\/www.oros.si\/de\/qualitat\/"]}]},{"@type":"BreadcrumbList","@id":"https:\/\/www.oros.si\/de\/qualitat\/#breadcrumb","itemListElement":[{"@type":"ListItem","position":1,"name":"Home","item":"https:\/\/www.oros.si\/de\/"},{"@type":"ListItem","position":2,"name":"Qualit\u00e4t"}]},{"@type":"WebSite","@id":"https:\/\/www.oros.si\/#website","url":"https:\/\/www.oros.si\/","name":"ORO S","description":"","potentialAction":[{"@type":"SearchAction","target":{"@type":"EntryPoint","urlTemplate":"https:\/\/www.oros.si\/?s={search_term_string}"},"query-input":{"@type":"PropertyValueSpecification","valueRequired":true,"valueName":"search_term_string"}}],"inLanguage":"de"}]}},"_links":{"self":[{"href":"https:\/\/www.oros.si\/de\/wp-json\/wp\/v2\/pages\/2964"}],"collection":[{"href":"https:\/\/www.oros.si\/de\/wp-json\/wp\/v2\/pages"}],"about":[{"href":"https:\/\/www.oros.si\/de\/wp-json\/wp\/v2\/types\/page"}],"author":[{"embeddable":true,"href":"https:\/\/www.oros.si\/de\/wp-json\/wp\/v2\/users\/1"}],"replies":[{"embeddable":true,"href":"https:\/\/www.oros.si\/de\/wp-json\/wp\/v2\/comments?post=2964"}],"version-history":[{"count":7,"href":"https:\/\/www.oros.si\/de\/wp-json\/wp\/v2\/pages\/2964\/revisions"}],"predecessor-version":[{"id":3430,"href":"https:\/\/www.oros.si\/de\/wp-json\/wp\/v2\/pages\/2964\/revisions\/3430"}],"wp:attachment":[{"href":"https:\/\/www.oros.si\/de\/wp-json\/wp\/v2\/media?parent=2964"}],"curies":[{"name":"wp","href":"https:\/\/api.w.org\/{rel}","templated":true}]}}