{"id":3100,"date":"2019-09-09T01:03:52","date_gmt":"2019-09-08T23:03:52","guid":{"rendered":"https:\/\/www.oros.si\/?page_id=3100"},"modified":"2019-09-30T16:49:37","modified_gmt":"2019-09-30T14:49:37","slug":"andere-leistungen","status":"publish","type":"page","link":"https:\/\/www.oros.si\/de\/leistungen\/andere-leistungen\/","title":{"rendered":"Andere Leistungen"},"content":{"rendered":"<p>[vc_row css=&#8220;.vc_custom_1548950685645{margin-top: 120px !important;margin-bottom: 0px !important;padding-bottom: 55px !important;}&#8220;][vc_column width=&#8220;1\/3&#8243;][vc_wp_custommenu nav_menu=&#8220;40&#8243; el_class=&#8220;zidex_sidebar_menu&#8220;][vc_column_text css=&#8220;.vc_custom_1569854974183{margin-bottom: 50px !important;padding-top: 30px !important;padding-right: 30px !important;padding-bottom: 30px !important;padding-left: 30px !important;background-color: #2b5390 !important;}&#8220;]<\/p>\n<h3 style=\"font-weight: bold; color: #ffffff; margin-top: 0px; margin-bottom: 30px;\">Haben Sie Fragen?<\/h3>\n<p style=\"margin-bottom: 30px; color: #ffffff;\">Rufen Sie uns an oder kontaktieren Sie uns, indem Sie dieses Formular ausf\u00fcllen.<\/p>\n<div style=\"margin-bottom: 8px;\"><i class=\"fa fa-phone\" style=\"width: 35px; text-align: center; margin-right: 4px; color: #ffffff; font-size: 34px;\"><\/i> <a style=\"color: #ffffff; font-size: 24px; line-height: 34px; vertical-align: top;\" href=\"tel:+38651361 345\">+386 51 361 345<\/a><\/div>\n<div><i class=\"fa fa-phone\" style=\"width: 35px; text-align: center; margin-right: 4px; color: #ffffff; font-size: 34px;\"><\/i> <a style=\"color: #ffffff; font-size: 24px; line-height: 34px; vertical-align: top;\" href=\"tel:+38641379148\">+386 41 379 148<\/a><\/div>\n<p>[\/vc_column_text]\n<div class=\"wpcf7 no-js\" id=\"wpcf7-f3159-o1\" lang=\"en-US\" dir=\"ltr\">\n<div class=\"screen-reader-response\"><p role=\"status\" aria-live=\"polite\" aria-atomic=\"true\"><\/p> <ul><\/ul><\/div>\n<form action=\"\/de\/wp-json\/wp\/v2\/pages\/3100#wpcf7-f3159-o1\" method=\"post\" class=\"wpcf7-form init\" aria-label=\"Contact form\" novalidate=\"novalidate\" data-status=\"init\">\n<div style=\"display: none;\">\n<input type=\"hidden\" name=\"_wpcf7\" value=\"3159\" \/>\n<input type=\"hidden\" name=\"_wpcf7_version\" value=\"5.9.8\" \/>\n<input type=\"hidden\" name=\"_wpcf7_locale\" value=\"en_US\" \/>\n<input type=\"hidden\" name=\"_wpcf7_unit_tag\" value=\"wpcf7-f3159-o1\" \/>\n<input type=\"hidden\" name=\"_wpcf7_container_post\" value=\"0\" \/>\n<input type=\"hidden\" name=\"_wpcf7_posted_data_hash\" value=\"\" \/>\n<input type=\"hidden\" name=\"_wpcf7_recaptcha_response\" value=\"\" \/>\n<\/div>\n<div class=\"zidex-quote zidex-quote-sidebar\">\n\t<div class=\"col-md-12 col-sm-12 zidex-quote-top\">\n\t\t<div class=\"col-md-9 col-xs-9 col-sm-7 zidex-quote-top-title\">\n\t\t\t<h3>Kontaktiere Uns\n\t\t\t<\/h3>\n\t\t<\/div>\n\t<\/div>\n\t<div class=\"col-md-12 zidex-quote-content\">\n\t\t<div class=\"col-md-12\">\n\t\t\t<p><label><span class=\"wpcf7-form-control-wrap\" data-name=\"your-name\"><input size=\"40\" maxlength=\"400\" class=\"wpcf7-form-control wpcf7-text wpcf7-validates-as-required\" aria-required=\"true\" aria-invalid=\"false\" placeholder=\"Name\" value=\"\" type=\"text\" name=\"your-name\" \/><\/span><\/label>\n\t\t\t<\/p>\n\t\t<\/div>\n\t\t<div class=\"col-md-12\">\n\t\t\t<p><label><span class=\"wpcf7-form-control-wrap\" data-name=\"email\"><input size=\"40\" maxlength=\"400\" class=\"wpcf7-form-control wpcf7-email wpcf7-validates-as-required wpcf7-text wpcf7-validates-as-email\" aria-required=\"true\" aria-invalid=\"false\" placeholder=\"Email\" value=\"\" type=\"email\" name=\"email\" \/><\/span><\/label>\n\t\t\t<\/p>\n\t\t<\/div>\n\t\t<div class=\"col-md-12\">\n\t\t\t<p><label><span class=\"wpcf7-form-control-wrap\" data-name=\"phone\"><input size=\"40\" maxlength=\"400\" class=\"wpcf7-form-control wpcf7-tel wpcf7-validates-as-required wpcf7-text wpcf7-validates-as-tel\" aria-required=\"true\" aria-invalid=\"false\" placeholder=\"Telefon\" value=\"\" type=\"tel\" name=\"phone\" \/><\/span><\/label>\n\t\t\t<\/p>\n\t\t<\/div>\n\t\t<div class=\"col-md-12\">\n\t\t\t<p><label><span class=\"wpcf7-form-control-wrap\" data-name=\"message\"><textarea cols=\"40\" rows=\"10\" maxlength=\"2000\" class=\"wpcf7-form-control wpcf7-textarea\" aria-invalid=\"false\" placeholder=\"Nachricht f\u00fcr uns\" name=\"message\"><\/textarea><\/span><\/label>\n\t\t\t<\/p>\n\t\t<\/div>\n\t\t<div class=\"col-md-12\">\n\t\t\t<p><button type=\"submit\" class=\"wpcf7-form-control wpcf7-submit\">SENDEN<\/button>\n\t\t\t<\/p>\n\t\t<\/div>\n\t<\/div>\n<\/div><div class=\"wpcf7-response-output\" aria-hidden=\"true\"><\/div>\n<\/form>\n<\/div>\n[\/vc_column][vc_column width=&#8220;2\/3&#8243; css=&#8220;.vc_custom_1544456093304{padding-top: 0px !important;padding-right: 15px !important;padding-bottom: 30px !important;padding-left: 45px !important;}&#8220;][vc_column_text]<\/p>\n<h3 style=\"font-weight: bold; margin-top: 0px; margin-bottom: 30px;\">Nachbearbeitung von Werkzeugen und erstellung von \u00c4nderungen<\/h3>\n<p>[\/vc_column_text][vc_column_text css=&#8220;.vc_custom_1569854838665{margin-bottom: 30px !important;}&#8220;]Auf Wunsch des Kunden f\u00fchren wir im Rahmen unserer M\u00f6glichkeiten bzw. des Produktionsprogramms an Werkzeugbestandteilen Nachbearbeitungen und \u00c4nderungen durch.[\/vc_column_text][vc_empty_space height=&#8220;25px&#8220; el_id=&#8220;izdelava-merilnih-protokolov&#8220;][vc_column_text]<\/p>\n<h3 style=\"font-weight: bold; margin-top: 0px; margin-bottom: 30px;\">Erstellung von Messprotokollen<\/h3>\n<p>[\/vc_column_text][vc_column_text css=&#8220;.vc_custom_1569854867088{margin-bottom: 30px !important;}&#8220;]Auf Kundenwunsch erstellen wir Messprotokolle. Hierf\u00fcr setzen wir ausschlie\u00dflich kalibrierte klassische Messger\u00e4te sowie einen 3D-Messarm ein.[\/vc_column_text][vc_empty_space height=&#8220;25px&#8220; el_id=&#8220;svetovanje&#8220;][vc_column_text]<\/p>\n<h3 style=\"font-weight: bold; margin-top: 0px; margin-bottom: 30px;\">Beratung auf verschiedenen Gebieten<\/h3>\n<p>[\/vc_column_text][vc_column_text css=&#8220;.vc_custom_1569854933011{margin-bottom: 30px !important;}&#8220;]Bei uns erhalten Sie viel an einem Ort. Wir beraten und f\u00fchren aus!<\/p>\n<p><strong>Materialauswahl:<\/strong><\/p>\n<ul>\n<li>Wir beraten bez\u00fcglich der Auswahl des Materials und bestellen es auch zu konkurrenzf\u00e4higen Preisen. Lieferbar sind alle g\u00e4ngigen Materialien aus dem Programm der Werkzeug- und Konstruktionsst\u00e4hle (ca. 40 Arten) einschlie\u00dflich der entsprechenden Zertifikate.<\/li>\n<\/ul>\n<p><strong>Bestandteile:<\/strong><\/p>\n<ul>\n<li>Werkzeugplatten, Gravurformen, Formk\u00e4sten f\u00fcr Fr\u00e4swerkzeuge.<\/li>\n<\/ul>\n<p>[\/vc_column_text][\/vc_column][\/vc_row]<\/p>\n","protected":false},"excerpt":{"rendered":"<p>[vc_row css=&#8220;.vc_custom_1548950685645{margin-top: 120px !important;margin-bottom: 0px !important;padding-bottom: 55px !important;}&#8220;][vc_column width=&#8220;1\/3&#8243;][vc_wp_custommenu nav_menu=&#8220;40&#8243; el_class=&#8220;zidex_sidebar_menu&#8220;][vc_column_text css=&#8220;.vc_custom_1569854974183{margin-bottom: 50px !important;padding-top: 30px !important;padding-right: 30px !important;padding-bottom: 30px !important;padding-left: 30px !important;background-color: #2b5390 !important;}&#8220;] Haben Sie Fragen? Rufen Sie uns an oder kontaktieren Sie uns, indem Sie dieses Formular ausf\u00fcllen. +386 51 361 345 +386 41 379 148 [\/vc_column_text][\/vc_column][vc_column width=&#8220;2\/3&#8243; css=&#8220;.vc_custom_1544456093304{padding-top: 0px !important;padding-right: 15px !important;padding-bottom: [&hellip;]<\/p>\n","protected":false},"author":1,"featured_media":2384,"parent":2989,"menu_order":0,"comment_status":"closed","ping_status":"closed","template":"","meta":{"footnotes":""},"yoast_head":"<!-- This site is optimized with the Yoast SEO plugin v23.4 - https:\/\/yoast.com\/wordpress\/plugins\/seo\/ -->\n<title>Andere Leistungen - ORO S<\/title>\n<meta name=\"robots\" content=\"index, follow, max-snippet:-1, max-image-preview:large, max-video-preview:-1\" \/>\n<link rel=\"canonical\" href=\"https:\/\/www.oros.si\/de\/leistungen\/andere-leistungen\/\" \/>\n<meta property=\"og:locale\" content=\"de_DE\" \/>\n<meta property=\"og:type\" content=\"article\" \/>\n<meta property=\"og:title\" content=\"Andere Leistungen - ORO S\" \/>\n<meta property=\"og:description\" content=\"[vc_row css=&#8220;.vc_custom_1548950685645{margin-top: 120px !important;margin-bottom: 0px !important;padding-bottom: 55px !important;}&#8220;][vc_column width=&#8220;1\/3&#8243;][vc_wp_custommenu nav_menu=&#8220;40&#8243; el_class=&#8220;zidex_sidebar_menu&#8220;][vc_column_text css=&#8220;.vc_custom_1569854974183{margin-bottom: 50px !important;padding-top: 30px !important;padding-right: 30px !important;padding-bottom: 30px !important;padding-left: 30px !important;background-color: #2b5390 !important;}&#8220;] Haben Sie Fragen? Rufen Sie uns an oder kontaktieren Sie uns, indem Sie dieses Formular ausf\u00fcllen. +386 51 361 345 +386 41 379 148 [\/vc_column_text][\/vc_column][vc_column width=&#8220;2\/3&#8243; css=&#8220;.vc_custom_1544456093304{padding-top: 0px !important;padding-right: 15px !important;padding-bottom: [&hellip;]\" \/>\n<meta property=\"og:url\" content=\"https:\/\/www.oros.si\/de\/leistungen\/andere-leistungen\/\" \/>\n<meta property=\"og:site_name\" content=\"ORO S\" \/>\n<meta property=\"article:modified_time\" content=\"2019-09-30T14:49:37+00:00\" \/>\n<meta property=\"og:image\" content=\"https:\/\/www.oros.si\/wp-content\/uploads\/2019\/09\/header-service.jpg\" \/>\n\t<meta property=\"og:image:width\" content=\"1920\" \/>\n\t<meta property=\"og:image:height\" content=\"441\" \/>\n\t<meta property=\"og:image:type\" content=\"image\/jpeg\" \/>\n<meta name=\"twitter:card\" content=\"summary_large_image\" \/>\n<meta name=\"twitter:label1\" content=\"Gesch\u00e4tzte Lesezeit\" \/>\n\t<meta name=\"twitter:data1\" content=\"1\u00a0Minute\" \/>\n<script type=\"application\/ld+json\" class=\"yoast-schema-graph\">{\"@context\":\"https:\/\/schema.org\",\"@graph\":[{\"@type\":\"WebPage\",\"@id\":\"https:\/\/www.oros.si\/de\/leistungen\/andere-leistungen\/\",\"url\":\"https:\/\/www.oros.si\/de\/leistungen\/andere-leistungen\/\",\"name\":\"Andere Leistungen - ORO S\",\"isPartOf\":{\"@id\":\"https:\/\/www.oros.si\/#website\"},\"primaryImageOfPage\":{\"@id\":\"https:\/\/www.oros.si\/de\/leistungen\/andere-leistungen\/#primaryimage\"},\"image\":{\"@id\":\"https:\/\/www.oros.si\/de\/leistungen\/andere-leistungen\/#primaryimage\"},\"thumbnailUrl\":\"https:\/\/www.oros.si\/wp-content\/uploads\/2019\/09\/header-service.jpg\",\"datePublished\":\"2019-09-08T23:03:52+00:00\",\"dateModified\":\"2019-09-30T14:49:37+00:00\",\"breadcrumb\":{\"@id\":\"https:\/\/www.oros.si\/de\/leistungen\/andere-leistungen\/#breadcrumb\"},\"inLanguage\":\"de\",\"potentialAction\":[{\"@type\":\"ReadAction\",\"target\":[\"https:\/\/www.oros.si\/de\/leistungen\/andere-leistungen\/\"]}]},{\"@type\":\"ImageObject\",\"inLanguage\":\"de\",\"@id\":\"https:\/\/www.oros.si\/de\/leistungen\/andere-leistungen\/#primaryimage\",\"url\":\"https:\/\/www.oros.si\/wp-content\/uploads\/2019\/09\/header-service.jpg\",\"contentUrl\":\"https:\/\/www.oros.si\/wp-content\/uploads\/2019\/09\/header-service.jpg\",\"width\":1920,\"height\":441},{\"@type\":\"BreadcrumbList\",\"@id\":\"https:\/\/www.oros.si\/de\/leistungen\/andere-leistungen\/#breadcrumb\",\"itemListElement\":[{\"@type\":\"ListItem\",\"position\":1,\"name\":\"Home\",\"item\":\"https:\/\/www.oros.si\/de\/\"},{\"@type\":\"ListItem\",\"position\":2,\"name\":\"Leistungen\",\"item\":\"https:\/\/www.oros.si\/de\/leistungen\/\"},{\"@type\":\"ListItem\",\"position\":3,\"name\":\"Andere Leistungen\"}]},{\"@type\":\"WebSite\",\"@id\":\"https:\/\/www.oros.si\/#website\",\"url\":\"https:\/\/www.oros.si\/\",\"name\":\"ORO S\",\"description\":\"\",\"potentialAction\":[{\"@type\":\"SearchAction\",\"target\":{\"@type\":\"EntryPoint\",\"urlTemplate\":\"https:\/\/www.oros.si\/?s={search_term_string}\"},\"query-input\":{\"@type\":\"PropertyValueSpecification\",\"valueRequired\":true,\"valueName\":\"search_term_string\"}}],\"inLanguage\":\"de\"}]}<\/script>\n<!-- \/ Yoast SEO plugin. -->","yoast_head_json":{"title":"Andere Leistungen - ORO S","robots":{"index":"index","follow":"follow","max-snippet":"max-snippet:-1","max-image-preview":"max-image-preview:large","max-video-preview":"max-video-preview:-1"},"canonical":"https:\/\/www.oros.si\/de\/leistungen\/andere-leistungen\/","og_locale":"de_DE","og_type":"article","og_title":"Andere Leistungen - ORO S","og_description":"[vc_row css=&#8220;.vc_custom_1548950685645{margin-top: 120px !important;margin-bottom: 0px !important;padding-bottom: 55px !important;}&#8220;][vc_column width=&#8220;1\/3&#8243;][vc_wp_custommenu nav_menu=&#8220;40&#8243; el_class=&#8220;zidex_sidebar_menu&#8220;][vc_column_text css=&#8220;.vc_custom_1569854974183{margin-bottom: 50px !important;padding-top: 30px !important;padding-right: 30px !important;padding-bottom: 30px !important;padding-left: 30px !important;background-color: #2b5390 !important;}&#8220;] Haben Sie Fragen? Rufen Sie uns an oder kontaktieren Sie uns, indem Sie dieses Formular ausf\u00fcllen. +386 51 361 345 +386 41 379 148 [\/vc_column_text][\/vc_column][vc_column width=&#8220;2\/3&#8243; css=&#8220;.vc_custom_1544456093304{padding-top: 0px !important;padding-right: 15px !important;padding-bottom: [&hellip;]","og_url":"https:\/\/www.oros.si\/de\/leistungen\/andere-leistungen\/","og_site_name":"ORO S","article_modified_time":"2019-09-30T14:49:37+00:00","og_image":[{"width":1920,"height":441,"url":"https:\/\/www.oros.si\/wp-content\/uploads\/2019\/09\/header-service.jpg","type":"image\/jpeg"}],"twitter_card":"summary_large_image","twitter_misc":{"Gesch\u00e4tzte Lesezeit":"1\u00a0Minute"},"schema":{"@context":"https:\/\/schema.org","@graph":[{"@type":"WebPage","@id":"https:\/\/www.oros.si\/de\/leistungen\/andere-leistungen\/","url":"https:\/\/www.oros.si\/de\/leistungen\/andere-leistungen\/","name":"Andere Leistungen - ORO S","isPartOf":{"@id":"https:\/\/www.oros.si\/#website"},"primaryImageOfPage":{"@id":"https:\/\/www.oros.si\/de\/leistungen\/andere-leistungen\/#primaryimage"},"image":{"@id":"https:\/\/www.oros.si\/de\/leistungen\/andere-leistungen\/#primaryimage"},"thumbnailUrl":"https:\/\/www.oros.si\/wp-content\/uploads\/2019\/09\/header-service.jpg","datePublished":"2019-09-08T23:03:52+00:00","dateModified":"2019-09-30T14:49:37+00:00","breadcrumb":{"@id":"https:\/\/www.oros.si\/de\/leistungen\/andere-leistungen\/#breadcrumb"},"inLanguage":"de","potentialAction":[{"@type":"ReadAction","target":["https:\/\/www.oros.si\/de\/leistungen\/andere-leistungen\/"]}]},{"@type":"ImageObject","inLanguage":"de","@id":"https:\/\/www.oros.si\/de\/leistungen\/andere-leistungen\/#primaryimage","url":"https:\/\/www.oros.si\/wp-content\/uploads\/2019\/09\/header-service.jpg","contentUrl":"https:\/\/www.oros.si\/wp-content\/uploads\/2019\/09\/header-service.jpg","width":1920,"height":441},{"@type":"BreadcrumbList","@id":"https:\/\/www.oros.si\/de\/leistungen\/andere-leistungen\/#breadcrumb","itemListElement":[{"@type":"ListItem","position":1,"name":"Home","item":"https:\/\/www.oros.si\/de\/"},{"@type":"ListItem","position":2,"name":"Leistungen","item":"https:\/\/www.oros.si\/de\/leistungen\/"},{"@type":"ListItem","position":3,"name":"Andere Leistungen"}]},{"@type":"WebSite","@id":"https:\/\/www.oros.si\/#website","url":"https:\/\/www.oros.si\/","name":"ORO S","description":"","potentialAction":[{"@type":"SearchAction","target":{"@type":"EntryPoint","urlTemplate":"https:\/\/www.oros.si\/?s={search_term_string}"},"query-input":{"@type":"PropertyValueSpecification","valueRequired":true,"valueName":"search_term_string"}}],"inLanguage":"de"}]}},"_links":{"self":[{"href":"https:\/\/www.oros.si\/de\/wp-json\/wp\/v2\/pages\/3100"}],"collection":[{"href":"https:\/\/www.oros.si\/de\/wp-json\/wp\/v2\/pages"}],"about":[{"href":"https:\/\/www.oros.si\/de\/wp-json\/wp\/v2\/types\/page"}],"author":[{"embeddable":true,"href":"https:\/\/www.oros.si\/de\/wp-json\/wp\/v2\/users\/1"}],"replies":[{"embeddable":true,"href":"https:\/\/www.oros.si\/de\/wp-json\/wp\/v2\/comments?post=3100"}],"version-history":[{"count":0,"href":"https:\/\/www.oros.si\/de\/wp-json\/wp\/v2\/pages\/3100\/revisions"}],"up":[{"embeddable":true,"href":"https:\/\/www.oros.si\/de\/wp-json\/wp\/v2\/pages\/2989"}],"wp:featuredmedia":[{"embeddable":true,"href":"https:\/\/www.oros.si\/de\/wp-json\/wp\/v2\/media\/2384"}],"wp:attachment":[{"href":"https:\/\/www.oros.si\/de\/wp-json\/wp\/v2\/media?parent=3100"}],"curies":[{"name":"wp","href":"https:\/\/api.w.org\/{rel}","templated":true}]}}